{"id":622,"date":"2023-10-20T11:24:10","date_gmt":"2023-10-20T09:24:10","guid":{"rendered":"https:\/\/kilthau-transporte.de\/kontakt\/"},"modified":"2024-11-27T09:39:24","modified_gmt":"2024-11-27T08:39:24","slug":"kontakt","status":"publish","type":"page","link":"https:\/\/kilthau-transporte.de\/en\/kontakt\/","title":{"rendered":"Kontakt"},"content":{"rendered":"<div id=\"cs-content\" class=\"cs-content\"><\/div>\n","protected":false},"excerpt":{"rendered":"<p>Kontakt OfficeD\u00fcrkheimer Stra\u00dfe 7 68459 Ilvesheim Deutschland T +49 621 492 477 F +49 621 495 066 M dispo@kilthau-transporte.de WarehouseRhenaniastra\u00dfe 68\u201370 68199 Mannheim Deutschland T +49 621 400 70 50 F +49 621 400 70 99 M dispo@kilthau-transporte.de<\/p>\n","protected":false},"author":1,"featured_media":0,"parent":0,"menu_order":0,"comment_status":"closed","ping_status":"closed","template":"template-blank-4.php","meta":{"_acf_changed":false,"footnotes":""},"class_list":["post-622","page","type-page","status-publish","hentry","no-post-thumbnail"],"acf":[],"yoast_head":"<!-- This site is optimized with the Yoast SEO plugin v27.3 - https:\/\/yoast.com\/product\/yoast-seo-wordpress\/ -->\n<title>Kontakt - Kilthau<\/title>\n<meta name=\"robots\" content=\"index, follow, max-snippet:-1, max-image-preview:large, max-video-preview:-1\" \/>\n<link rel=\"canonical\" href=\"https:\/\/kilthau-transporte.de\/en\/kontakt\/\" \/>\n<meta property=\"og:locale\" content=\"en_US\" \/>\n<meta property=\"og:type\" content=\"article\" \/>\n<meta property=\"og:title\" content=\"Kontakt - Kilthau\" \/>\n<meta property=\"og:description\" content=\"Kontakt OfficeD\u00fcrkheimer Stra\u00dfe 7 68459 Ilvesheim Deutschland T +49 621 492 477 F +49 621 495 066 M dispo@kilthau-transporte.de WarehouseRhenaniastra\u00dfe 68\u201370 68199 Mannheim Deutschland T +49 621 400 70 50 F +49 621 400 70 99 M dispo@kilthau-transporte.de\" \/>\n<meta property=\"og:url\" content=\"https:\/\/kilthau-transporte.de\/en\/kontakt\/\" \/>\n<meta property=\"og:site_name\" content=\"Kilthau\" \/>\n<meta property=\"article:modified_time\" content=\"2024-11-27T08:39:24+00:00\" \/>\n<meta name=\"twitter:card\" content=\"summary_large_image\" \/>\n<script type=\"application\/ld+json\" class=\"yoast-schema-graph\">{\"@context\":\"https:\\\/\\\/schema.org\",\"@graph\":[{\"@type\":\"WebPage\",\"@id\":\"https:\\\/\\\/kilthau-transporte.de\\\/en\\\/kontakt\\\/\",\"url\":\"https:\\\/\\\/kilthau-transporte.de\\\/en\\\/kontakt\\\/\",\"name\":\"Kontakt - Kilthau\",\"isPartOf\":{\"@id\":\"https:\\\/\\\/kilthau-transporte.de\\\/en\\\/#website\"},\"datePublished\":\"2023-10-20T09:24:10+00:00\",\"dateModified\":\"2024-11-27T08:39:24+00:00\",\"breadcrumb\":{\"@id\":\"https:\\\/\\\/kilthau-transporte.de\\\/en\\\/kontakt\\\/#breadcrumb\"},\"inLanguage\":\"en-US\",\"potentialAction\":[{\"@type\":\"ReadAction\",\"target\":[\"https:\\\/\\\/kilthau-transporte.de\\\/en\\\/kontakt\\\/\"]}]},{\"@type\":\"BreadcrumbList\",\"@id\":\"https:\\\/\\\/kilthau-transporte.de\\\/en\\\/kontakt\\\/#breadcrumb\",\"itemListElement\":[{\"@type\":\"ListItem\",\"position\":1,\"name\":\"Startseite\",\"item\":\"https:\\\/\\\/kilthau-transporte.de\\\/en\\\/karriere\\\/\"},{\"@type\":\"ListItem\",\"position\":2,\"name\":\"Kontakt\"}]},{\"@type\":\"WebSite\",\"@id\":\"https:\\\/\\\/kilthau-transporte.de\\\/en\\\/#website\",\"url\":\"https:\\\/\\\/kilthau-transporte.de\\\/en\\\/\",\"name\":\"Kilthau\",\"description\":\"Transporte made in Monnem\",\"potentialAction\":[{\"@type\":\"SearchAction\",\"target\":{\"@type\":\"EntryPoint\",\"urlTemplate\":\"https:\\\/\\\/kilthau-transporte.de\\\/en\\\/?s={search_term_string}\"},\"query-input\":{\"@type\":\"PropertyValueSpecification\",\"valueRequired\":true,\"valueName\":\"search_term_string\"}}],\"inLanguage\":\"en-US\"}]}<\/script>\n<!-- \/ Yoast SEO plugin. -->","yoast_head_json":{"title":"Kontakt - Kilthau","robots":{"index":"index","follow":"follow","max-snippet":"max-snippet:-1","max-image-preview":"max-image-preview:large","max-video-preview":"max-video-preview:-1"},"canonical":"https:\/\/kilthau-transporte.de\/en\/kontakt\/","og_locale":"en_US","og_type":"article","og_title":"Kontakt - Kilthau","og_description":"Kontakt OfficeD\u00fcrkheimer Stra\u00dfe 7 68459 Ilvesheim Deutschland T +49 621 492 477 F +49 621 495 066 M dispo@kilthau-transporte.de WarehouseRhenaniastra\u00dfe 68\u201370 68199 Mannheim Deutschland T +49 621 400 70 50 F +49 621 400 70 99 M dispo@kilthau-transporte.de","og_url":"https:\/\/kilthau-transporte.de\/en\/kontakt\/","og_site_name":"Kilthau","article_modified_time":"2024-11-27T08:39:24+00:00","twitter_card":"summary_large_image","schema":{"@context":"https:\/\/schema.org","@graph":[{"@type":"WebPage","@id":"https:\/\/kilthau-transporte.de\/en\/kontakt\/","url":"https:\/\/kilthau-transporte.de\/en\/kontakt\/","name":"Kontakt - Kilthau","isPartOf":{"@id":"https:\/\/kilthau-transporte.de\/en\/#website"},"datePublished":"2023-10-20T09:24:10+00:00","dateModified":"2024-11-27T08:39:24+00:00","breadcrumb":{"@id":"https:\/\/kilthau-transporte.de\/en\/kontakt\/#breadcrumb"},"inLanguage":"en-US","potentialAction":[{"@type":"ReadAction","target":["https:\/\/kilthau-transporte.de\/en\/kontakt\/"]}]},{"@type":"BreadcrumbList","@id":"https:\/\/kilthau-transporte.de\/en\/kontakt\/#breadcrumb","itemListElement":[{"@type":"ListItem","position":1,"name":"Startseite","item":"https:\/\/kilthau-transporte.de\/en\/karriere\/"},{"@type":"ListItem","position":2,"name":"Kontakt"}]},{"@type":"WebSite","@id":"https:\/\/kilthau-transporte.de\/en\/#website","url":"https:\/\/kilthau-transporte.de\/en\/","name":"Kilthau","description":"Transporte made in Monnem","potentialAction":[{"@type":"SearchAction","target":{"@type":"EntryPoint","urlTemplate":"https:\/\/kilthau-transporte.de\/en\/?s={search_term_string}"},"query-input":{"@type":"PropertyValueSpecification","valueRequired":true,"valueName":"search_term_string"}}],"inLanguage":"en-US"}]}},"_links":{"self":[{"href":"https:\/\/kilthau-transporte.de\/en\/wp-json\/wp\/v2\/pages\/622","targetHints":{"allow":["GET"]}}],"collection":[{"href":"https:\/\/kilthau-transporte.de\/en\/wp-json\/wp\/v2\/pages"}],"about":[{"href":"https:\/\/kilthau-transporte.de\/en\/wp-json\/wp\/v2\/types\/page"}],"author":[{"embeddable":true,"href":"https:\/\/kilthau-transporte.de\/en\/wp-json\/wp\/v2\/users\/1"}],"replies":[{"embeddable":true,"href":"https:\/\/kilthau-transporte.de\/en\/wp-json\/wp\/v2\/comments?post=622"}],"version-history":[{"count":9,"href":"https:\/\/kilthau-transporte.de\/en\/wp-json\/wp\/v2\/pages\/622\/revisions"}],"predecessor-version":[{"id":705,"href":"https:\/\/kilthau-transporte.de\/en\/wp-json\/wp\/v2\/pages\/622\/revisions\/705"}],"wp:attachment":[{"href":"https:\/\/kilthau-transporte.de\/en\/wp-json\/wp\/v2\/media?parent=622"}],"curies":[{"name":"wp","href":"https:\/\/api.w.org\/{rel}","templated":true}]}}